{"id":2121,"date":"2017-06-05T07:46:16","date_gmt":"2017-06-05T13:46:16","guid":{"rendered":"https:\/\/cornislandrealty.com\/agentes\/"},"modified":"2025-12-11T11:01:05","modified_gmt":"2025-12-11T17:01:05","slug":"agentes","status":"publish","type":"page","link":"https:\/\/cornislandrealty.com\/es\/agentes\/","title":{"rendered":"Agentes"},"content":{"rendered":"\n<p>Conozca a los agentes de Corn Island Realty, que se especializan en propiedades en venta en Nicaragua. Servicios de bienes ra\u00edces en Big Corn Island y bienes ra\u00edces en Little Corn Island, que incluyen: administraci\u00f3n de propiedades, alquileres y ventas. <\/p>\n","protected":false},"excerpt":{"rendered":"<p>Conozca a los agentes de Corn Island Realty, que se especializan en propiedades en venta en Nicaragua. Servicios de bienes ra\u00edces en Big Corn Island&hellip;<\/p>\n","protected":false},"author":1,"featured_media":0,"parent":0,"menu_order":0,"comment_status":"open","ping_status":"closed","template":"templates\/agents-list.php","meta":{"_angie_page":false,"_monsterinsights_skip_tracking":false,"_monsterinsights_sitenote_active":false,"_monsterinsights_sitenote_note":"","_monsterinsights_sitenote_category":0,"_price":"","_stock":"","_tribe_ticket_header":"","_tribe_default_ticket_provider":"","_tribe_ticket_capacity":"0","_ticket_start_date":"","_ticket_end_date":"","_tribe_ticket_show_description":"","_tribe_ticket_show_not_going":false,"_tribe_ticket_use_global_stock":"","_tribe_ticket_global_stock_level":"","_global_stock_mode":"","_global_stock_cap":"","_tribe_rsvp_for_event":"","_tribe_ticket_going_count":"","_tribe_ticket_not_going_count":"","_tribe_tickets_list":"[]","_tribe_ticket_has_attendee_info_fields":false,"footnotes":"","_tec_slr_enabled":"","_tec_slr_layout":""},"class_list":["post-2121","page","type-page","status-publish","hentry"],"yoast_head":"<!-- This site is optimized with the Yoast SEO Premium plugin v27.3 (Yoast SEO v27.3) - https:\/\/yoast.com\/product\/yoast-seo-premium-wordpress\/ -->\n<title>Agentes inmobiliarios de Big Corn Island, Nicaragua y Little Corn Island | Corn Island Realty<\/title>\n<meta name=\"description\" content=\"Conozca a los agentes de Corn Island Realty, nos especializamos en propiedades en venta en Nicaragua. Bienes ra\u00edces en Big Corn Island y bienes ra\u00edces en Little Corn Island.\" \/>\n<meta name=\"robots\" content=\"noindex, follow, max-snippet:-1, max-image-preview:large, max-video-preview:-1\" \/>\n<meta property=\"og:locale\" content=\"es_ES\" \/>\n<meta property=\"og:type\" content=\"article\" \/>\n<meta property=\"og:title\" content=\"Agentes\" \/>\n<meta property=\"og:description\" content=\"Conozca a los agentes de Corn Island Realty, nos especializamos en propiedades en venta en Nicaragua. Bienes ra\u00edces en Big Corn Island y bienes ra\u00edces en Little Corn Island.\" \/>\n<meta property=\"og:url\" content=\"https:\/\/cornislandrealty.com\/es\/agentes\/\" \/>\n<meta property=\"og:site_name\" content=\"Corn Island Realty\" \/>\n<meta property=\"article:modified_time\" content=\"2025-12-11T17:01:05+00:00\" \/>\n<meta name=\"twitter:card\" content=\"summary_large_image\" \/>\n<script type=\"application\/ld+json\" class=\"yoast-schema-graph\">{\"@context\":\"https:\\\/\\\/schema.org\",\"@graph\":[{\"@type\":\"WebPage\",\"@id\":\"https:\\\/\\\/cornislandrealty.com\\\/es\\\/agentes\\\/\",\"url\":\"https:\\\/\\\/cornislandrealty.com\\\/es\\\/agentes\\\/\",\"name\":\"Agentes inmobiliarios de Big Corn Island, Nicaragua y Little Corn Island | Corn Island Realty\",\"isPartOf\":{\"@id\":\"https:\\\/\\\/cornislandrealty.com\\\/es\\\/#website\"},\"datePublished\":\"2017-06-05T13:46:16+00:00\",\"dateModified\":\"2025-12-11T17:01:05+00:00\",\"description\":\"Conozca a los agentes de Corn Island Realty, nos especializamos en propiedades en venta en Nicaragua. Bienes ra\u00edces en Big Corn Island y bienes ra\u00edces en Little Corn Island.\",\"breadcrumb\":{\"@id\":\"https:\\\/\\\/cornislandrealty.com\\\/es\\\/agentes\\\/#breadcrumb\"},\"inLanguage\":\"es\",\"potentialAction\":[{\"@type\":\"ReadAction\",\"target\":[\"https:\\\/\\\/cornislandrealty.com\\\/es\\\/agentes\\\/\"]}]},{\"@type\":\"BreadcrumbList\",\"@id\":\"https:\\\/\\\/cornislandrealty.com\\\/es\\\/agentes\\\/#breadcrumb\",\"itemListElement\":[{\"@type\":\"ListItem\",\"position\":1,\"name\":\"Home\",\"item\":\"https:\\\/\\\/cornislandrealty.com\\\/es\\\/\"},{\"@type\":\"ListItem\",\"position\":2,\"name\":\"Agentes\"}]},{\"@type\":\"WebSite\",\"@id\":\"https:\\\/\\\/cornislandrealty.com\\\/es\\\/#website\",\"url\":\"https:\\\/\\\/cornislandrealty.com\\\/es\\\/\",\"name\":\"Corn Island Realty\",\"description\":\"\",\"publisher\":{\"@id\":\"https:\\\/\\\/cornislandrealty.com\\\/es\\\/#organization\"},\"potentialAction\":[{\"@type\":\"SearchAction\",\"target\":{\"@type\":\"EntryPoint\",\"urlTemplate\":\"https:\\\/\\\/cornislandrealty.com\\\/es\\\/?s={search_term_string}\"},\"query-input\":{\"@type\":\"PropertyValueSpecification\",\"valueRequired\":true,\"valueName\":\"search_term_string\"}}],\"inLanguage\":\"es\"},{\"@type\":\"Organization\",\"@id\":\"https:\\\/\\\/cornislandrealty.com\\\/es\\\/#organization\",\"name\":\"Corn Island Realty\",\"url\":\"https:\\\/\\\/cornislandrealty.com\\\/es\\\/\",\"logo\":{\"@type\":\"ImageObject\",\"inLanguage\":\"es\",\"@id\":\"https:\\\/\\\/cornislandrealty.com\\\/es\\\/#\\\/schema\\\/logo\\\/image\\\/\",\"url\":\"https:\\\/\\\/cornislandrealty.com\\\/wp-content\\\/uploads\\\/2025\\\/11\\\/NEW-LOGO.png\",\"contentUrl\":\"https:\\\/\\\/cornislandrealty.com\\\/wp-content\\\/uploads\\\/2025\\\/11\\\/NEW-LOGO.png\",\"width\":1590,\"height\":384,\"caption\":\"Corn Island Realty\"},\"image\":{\"@id\":\"https:\\\/\\\/cornislandrealty.com\\\/es\\\/#\\\/schema\\\/logo\\\/image\\\/\"}}]}<\/script>\n<!-- \/ Yoast SEO Premium plugin. -->","yoast_head_json":{"title":"Agentes inmobiliarios de Big Corn Island, Nicaragua y Little Corn Island | Corn Island Realty","description":"Conozca a los agentes de Corn Island Realty, nos especializamos en propiedades en venta en Nicaragua. Bienes ra\u00edces en Big Corn Island y bienes ra\u00edces en Little Corn Island.","robots":{"index":"noindex","follow":"follow","max-snippet":"max-snippet:-1","max-image-preview":"max-image-preview:large","max-video-preview":"max-video-preview:-1"},"og_locale":"es_ES","og_type":"article","og_title":"Agentes","og_description":"Conozca a los agentes de Corn Island Realty, nos especializamos en propiedades en venta en Nicaragua. Bienes ra\u00edces en Big Corn Island y bienes ra\u00edces en Little Corn Island.","og_url":"https:\/\/cornislandrealty.com\/es\/agentes\/","og_site_name":"Corn Island Realty","article_modified_time":"2025-12-11T17:01:05+00:00","twitter_card":"summary_large_image","schema":{"@context":"https:\/\/schema.org","@graph":[{"@type":"WebPage","@id":"https:\/\/cornislandrealty.com\/es\/agentes\/","url":"https:\/\/cornislandrealty.com\/es\/agentes\/","name":"Agentes inmobiliarios de Big Corn Island, Nicaragua y Little Corn Island | Corn Island Realty","isPartOf":{"@id":"https:\/\/cornislandrealty.com\/es\/#website"},"datePublished":"2017-06-05T13:46:16+00:00","dateModified":"2025-12-11T17:01:05+00:00","description":"Conozca a los agentes de Corn Island Realty, nos especializamos en propiedades en venta en Nicaragua. Bienes ra\u00edces en Big Corn Island y bienes ra\u00edces en Little Corn Island.","breadcrumb":{"@id":"https:\/\/cornislandrealty.com\/es\/agentes\/#breadcrumb"},"inLanguage":"es","potentialAction":[{"@type":"ReadAction","target":["https:\/\/cornislandrealty.com\/es\/agentes\/"]}]},{"@type":"BreadcrumbList","@id":"https:\/\/cornislandrealty.com\/es\/agentes\/#breadcrumb","itemListElement":[{"@type":"ListItem","position":1,"name":"Home","item":"https:\/\/cornislandrealty.com\/es\/"},{"@type":"ListItem","position":2,"name":"Agentes"}]},{"@type":"WebSite","@id":"https:\/\/cornislandrealty.com\/es\/#website","url":"https:\/\/cornislandrealty.com\/es\/","name":"Corn Island Realty","description":"","publisher":{"@id":"https:\/\/cornislandrealty.com\/es\/#organization"},"potentialAction":[{"@type":"SearchAction","target":{"@type":"EntryPoint","urlTemplate":"https:\/\/cornislandrealty.com\/es\/?s={search_term_string}"},"query-input":{"@type":"PropertyValueSpecification","valueRequired":true,"valueName":"search_term_string"}}],"inLanguage":"es"},{"@type":"Organization","@id":"https:\/\/cornislandrealty.com\/es\/#organization","name":"Corn Island Realty","url":"https:\/\/cornislandrealty.com\/es\/","logo":{"@type":"ImageObject","inLanguage":"es","@id":"https:\/\/cornislandrealty.com\/es\/#\/schema\/logo\/image\/","url":"https:\/\/cornislandrealty.com\/wp-content\/uploads\/2025\/11\/NEW-LOGO.png","contentUrl":"https:\/\/cornislandrealty.com\/wp-content\/uploads\/2025\/11\/NEW-LOGO.png","width":1590,"height":384,"caption":"Corn Island Realty"},"image":{"@id":"https:\/\/cornislandrealty.com\/es\/#\/schema\/logo\/image\/"}}]}},"featured_image_src":null,"featured_image_src_square":null,"ticketed":false,"_links":{"self":[{"href":"https:\/\/cornislandrealty.com\/es\/wp-json\/wp\/v2\/pages\/2121","targetHints":{"allow":["GET"]}}],"collection":[{"href":"https:\/\/cornislandrealty.com\/es\/wp-json\/wp\/v2\/pages"}],"about":[{"href":"https:\/\/cornislandrealty.com\/es\/wp-json\/wp\/v2\/types\/page"}],"author":[{"embeddable":true,"href":"https:\/\/cornislandrealty.com\/es\/wp-json\/wp\/v2\/users\/1"}],"replies":[{"embeddable":true,"href":"https:\/\/cornislandrealty.com\/es\/wp-json\/wp\/v2\/comments?post=2121"}],"version-history":[{"count":0,"href":"https:\/\/cornislandrealty.com\/es\/wp-json\/wp\/v2\/pages\/2121\/revisions"}],"wp:attachment":[{"href":"https:\/\/cornislandrealty.com\/es\/wp-json\/wp\/v2\/media?parent=2121"}],"curies":[{"name":"wp","href":"https:\/\/api.w.org\/{rel}","templated":true}]}}