{"id":2151,"date":"2025-11-28T19:24:37","date_gmt":"2025-11-29T01:24:37","guid":{"rendered":"https:\/\/cornislandrealty.com\/servicios\/"},"modified":"2025-12-11T10:26:53","modified_gmt":"2025-12-11T16:26:53","slug":"servicios","status":"publish","type":"page","link":"https:\/\/cornislandrealty.com\/es\/servicios\/","title":{"rendered":"Servicios"},"content":{"rendered":"<ul>\n<li>\n\t\t<a href=\"https:\/\/cornislandrealty.com\/es\/producto\/paseos-a-caballo\/\"><img decoding=\"async\" src=\"https:\/\/cornislandrealty.com\/wp-content\/uploads\/2025\/12\/Horseback-Riding-Product-Image.jpg\" alt=\"Paseos a caballo\"><\/a><a href=\"https:\/\/cornislandrealty.com\/es\/producto\/paseos-a-caballo\/\"><\/p>\n<h2>Paseos a caballo<\/h2>\n<p><\/a><br \/>\n Tours<br \/>\n<a href=\"https:\/\/cornislandrealty.com\/es\/producto\/paseos-a-caballo\/\" aria-describedby=\"woocommerce_loop_add_to_cart_link_describedby_1851\" data-quantity=\"1\" data-product_id=\"1851\" data-product_sku=\"\" aria-label=\"Read more about \u201cHorseback Riding\u201d\" rel=\"nofollow\" data-success_message=\"\">Leer m\u00e1s<\/a><br \/>\nVista r\u00e1pida\n<\/li>\n<li>\n\t\t<a href=\"https:\/\/cornislandrealty.com\/es\/producto\/servicios-de-aprovisionamiento\/\"><img decoding=\"async\" src=\"https:\/\/cornislandrealty.com\/wp-content\/uploads\/2025\/11\/Provisioning-640-X-640.webp\" alt=\"Servicio de aprovisionamiento\"><\/a><a href=\"https:\/\/cornislandrealty.com\/es\/producto\/servicios-de-aprovisionamiento\/\"><\/p>\n<h2>Servicios de aprovisionamiento<\/h2>\n<p><\/a><br \/>\n Aprovisionamiento<br \/>\n<a href=\"https:\/\/cornislandrealty.com\/es\/producto\/servicios-de-aprovisionamiento\/\" aria-describedby=\"woocommerce_loop_add_to_cart_link_describedby_1777\" data-quantity=\"1\" data-product_id=\"1777\" data-product_sku=\"\" aria-label=\"Read more about \u201cProvisioning Services\u201d\" rel=\"nofollow\" data-success_message=\"\">Leer m\u00e1s<\/a><br \/>\nVista r\u00e1pida\n<\/li>\n<li>\n\t\t<a href=\"https:\/\/cornislandrealty.com\/es\/producto\/servicio-de-limpieza-de-piscinas\/\"><img decoding=\"async\" src=\"https:\/\/cornislandrealty.com\/wp-content\/uploads\/2025\/11\/Pool-Cleaning-Product-Image.jpg\" alt=\"Servicio de limpieza de piscinas\"><\/a><a href=\"https:\/\/cornislandrealty.com\/es\/producto\/servicio-de-limpieza-de-piscinas\/\"><\/p>\n<h2>Servicio de limpieza de piscinas<\/h2>\n<p><\/a><br \/>\n Administraci\u00f3n<br \/>\n<a href=\"https:\/\/cornislandrealty.com\/es\/producto\/servicio-de-limpieza-de-piscinas\/\" aria-describedby=\"woocommerce_loop_add_to_cart_link_describedby_1776\" data-quantity=\"1\" data-product_id=\"1776\" data-product_sku=\"\" aria-label=\"Read more about \u201cPool Cleaning Service\u201d\" rel=\"nofollow\" data-success_message=\"\">Leer m\u00e1s<\/a><br \/>\nVista r\u00e1pida\n<\/li>\n<li>\n\t\t<a href=\"https:\/\/cornislandrealty.com\/es\/producto\/servicio-de-fotografia\/\"><img decoding=\"async\" src=\"https:\/\/cornislandrealty.com\/wp-content\/uploads\/2025\/11\/Photograpy-Service-Product-Image.jpg\" alt=\"Servicio de fotograf\u00eda\"><\/a><a href=\"https:\/\/cornislandrealty.com\/es\/producto\/servicio-de-fotografia\/\"><\/p>\n<h2>Servicio de fotograf\u00eda<\/h2>\n<p><\/a><br \/>\n Administraci\u00f3n<br \/>\n<a href=\"https:\/\/cornislandrealty.com\/es\/producto\/servicio-de-fotografia\/\" aria-describedby=\"woocommerce_loop_add_to_cart_link_describedby_1759\" data-quantity=\"1\" data-product_id=\"1759\" data-product_sku=\"\" aria-label=\"Read more about \u201cPhotography Service\u201d\" rel=\"nofollow\" data-success_message=\"\">Leer m\u00e1s<\/a><br \/>\nVista r\u00e1pida\n<\/li>\n<li>\n\t\t<a href=\"https:\/\/cornislandrealty.com\/es\/producto\/servicio-de-furgoneta\/\"><img decoding=\"async\" src=\"https:\/\/cornislandrealty.com\/wp-content\/uploads\/2025\/11\/Van-Service-Product-Image.jpg\" alt=\"Servicio de furgoneta\"><\/a><a href=\"https:\/\/cornislandrealty.com\/es\/producto\/servicio-de-furgoneta\/\"><\/p>\n<h2>Servicio de furgoneta<\/h2>\n<p><\/a><br \/>\n Servicio de transporte<br \/>\n<a href=\"https:\/\/cornislandrealty.com\/es\/producto\/servicio-de-furgoneta\/\" aria-describedby=\"woocommerce_loop_add_to_cart_link_describedby_1758\" data-quantity=\"1\" data-product_id=\"1758\" data-product_sku=\"\" aria-label=\"Read more about \u201cVan Service\u201d\" rel=\"nofollow\" data-success_message=\"\">Leer m\u00e1s<\/a><br \/>\nVista r\u00e1pida\n<\/li>\n<li>\n\t\t<a href=\"https:\/\/cornislandrealty.com\/es\/producto\/servicio-de-coche\/\"><img decoding=\"async\" src=\"https:\/\/cornislandrealty.com\/wp-content\/uploads\/2025\/11\/Car-Service-Product-Image.jpg\" alt=\"Servicio de coche\"><\/a><a href=\"https:\/\/cornislandrealty.com\/es\/producto\/servicio-de-coche\/\"><\/p>\n<h2>Servicio de coche<\/h2>\n<p><\/a><br \/>\n Servicio de transporte<br \/>\n<a href=\"https:\/\/cornislandrealty.com\/es\/producto\/servicio-de-coche\/\" aria-describedby=\"woocommerce_loop_add_to_cart_link_describedby_1757\" data-quantity=\"1\" data-product_id=\"1757\" data-product_sku=\"\" aria-label=\"Read more about \u201cCar Service\u201d\" rel=\"nofollow\" data-success_message=\"\">Leer m\u00e1s<\/a><br \/>\nVista r\u00e1pida\n<\/li>\n<li>\n\t\t<a href=\"https:\/\/cornislandrealty.com\/es\/producto\/alquiler-vacacional\/\"><img decoding=\"async\" src=\"https:\/\/cornislandrealty.com\/wp-content\/uploads\/2025\/11\/Vacation-Rentals-640-X-640.png\" alt=\"Alquileres vacacionales\"><\/a><a href=\"https:\/\/cornislandrealty.com\/es\/producto\/alquiler-vacacional\/\"><\/p>\n<h2>Alquiler vacacional<\/h2>\n<p><\/a><br \/>\n Alquileres<br \/>\n<a href=\"https:\/\/cornislandrealty.com\/es\/producto\/alquiler-vacacional\/\" aria-describedby=\"woocommerce_loop_add_to_cart_link_describedby_1756\" data-quantity=\"1\" data-product_id=\"1756\" data-product_sku=\"\" aria-label=\"Read more about \u201cVacation Rental\u201d\" rel=\"nofollow\" data-success_message=\"\">Leer m\u00e1s<\/a><br \/>\nVista r\u00e1pida\n<\/li>\n<li>\n\t\t<a href=\"https:\/\/cornislandrealty.com\/es\/producto\/alquiler-a-largo-plazo\/\"><img decoding=\"async\" src=\"https:\/\/cornislandrealty.com\/wp-content\/uploads\/2025\/11\/Long-Term-Rentals-640-X-640.png\" alt=\"Alquiler a largo plazo\"><\/a><a href=\"https:\/\/cornislandrealty.com\/es\/producto\/alquiler-a-largo-plazo\/\"><\/p>\n<h2>Alquiler a largo plazo<\/h2>\n<p><\/a><br \/>\n Alquileres a largo plazo<br \/>\n<a href=\"https:\/\/cornislandrealty.com\/es\/producto\/alquiler-a-largo-plazo\/\" aria-describedby=\"woocommerce_loop_add_to_cart_link_describedby_1755\" data-quantity=\"1\" data-product_id=\"1755\" data-product_sku=\"\" aria-label=\"Read more about \u201cLong Term Rental\u201d\" rel=\"nofollow\" data-success_message=\"\">Leer m\u00e1s<\/a><br \/>\nVista r\u00e1pida\n<\/li>\n<\/ul>\n<p>\t\t<!--\n\t\t--><br \/>\n\t\t\t\t\t<a href=\"#\"><\/a><\/p>\n","protected":false},"excerpt":{"rendered":"<p>Paseos a caballo Tours Leer m\u00e1s Vista r\u00e1pida Servicios de aprovisionamiento Aprovisionamiento Leer m\u00e1s Vista r\u00e1pida Servicio de limpieza de piscinas Administraci\u00f3n Leer m\u00e1s Vista&hellip;<\/p>\n","protected":false},"author":1,"featured_media":0,"parent":0,"menu_order":0,"comment_status":"closed","ping_status":"closed","template":"","meta":{"_angie_page":false,"_monsterinsights_skip_tracking":false,"_monsterinsights_sitenote_active":false,"_monsterinsights_sitenote_note":"","_monsterinsights_sitenote_category":0,"_price":"","_stock":"","_tribe_ticket_header":"","_tribe_default_ticket_provider":"","_tribe_ticket_capacity":"0","_ticket_start_date":"","_ticket_end_date":"","_tribe_ticket_show_description":"","_tribe_ticket_show_not_going":false,"_tribe_ticket_use_global_stock":"","_tribe_ticket_global_stock_level":"","_global_stock_mode":"","_global_stock_cap":"","_tribe_rsvp_for_event":"","_tribe_ticket_going_count":"","_tribe_ticket_not_going_count":"","_tribe_tickets_list":"[]","_tribe_ticket_has_attendee_info_fields":false,"footnotes":"","_tec_slr_enabled":"","_tec_slr_layout":""},"class_list":["post-2151","page","type-page","status-publish","hentry"],"yoast_head":"<!-- This site is optimized with the Yoast SEO Premium plugin v27.3 (Yoast SEO v27.3) - https:\/\/yoast.com\/product\/yoast-seo-premium-wordpress\/ -->\n<title>Servicios | Corn Island Realty<\/title>\n<meta name=\"description\" content=\"Servicios\" \/>\n<meta name=\"robots\" content=\"noindex, follow, max-snippet:-1, max-image-preview:large, max-video-preview:-1\" \/>\n<meta property=\"og:locale\" content=\"es_ES\" \/>\n<meta property=\"og:type\" content=\"article\" \/>\n<meta property=\"og:title\" content=\"Servicios\" \/>\n<meta property=\"og:description\" content=\"Servicios\" \/>\n<meta property=\"og:url\" content=\"https:\/\/cornislandrealty.com\/es\/servicios\/\" \/>\n<meta property=\"og:site_name\" content=\"Corn Island Realty\" \/>\n<meta property=\"article:modified_time\" content=\"2025-12-11T16:26:53+00:00\" \/>\n<meta property=\"og:image\" content=\"https:\/\/cornislandrealty.com\/wp-content\/uploads\/2025\/12\/Horseback-Riding-Product-Image.jpg\" \/>\n<meta name=\"twitter:card\" content=\"summary_large_image\" \/>\n<script type=\"application\/ld+json\" class=\"yoast-schema-graph\">{\"@context\":\"https:\\\/\\\/schema.org\",\"@graph\":[{\"@type\":\"WebPage\",\"@id\":\"https:\\\/\\\/cornislandrealty.com\\\/es\\\/servicios\\\/\",\"url\":\"https:\\\/\\\/cornislandrealty.com\\\/es\\\/servicios\\\/\",\"name\":\"Servicios | Corn Island Realty\",\"isPartOf\":{\"@id\":\"https:\\\/\\\/cornislandrealty.com\\\/es\\\/#website\"},\"primaryImageOfPage\":{\"@id\":\"https:\\\/\\\/cornislandrealty.com\\\/es\\\/servicios\\\/#primaryimage\"},\"image\":{\"@id\":\"https:\\\/\\\/cornislandrealty.com\\\/es\\\/servicios\\\/#primaryimage\"},\"thumbnailUrl\":\"https:\\\/\\\/cornislandrealty.com\\\/wp-content\\\/uploads\\\/2025\\\/12\\\/Horseback-Riding-Product-Image.jpg\",\"datePublished\":\"2025-11-29T01:24:37+00:00\",\"dateModified\":\"2025-12-11T16:26:53+00:00\",\"description\":\"Servicios\",\"breadcrumb\":{\"@id\":\"https:\\\/\\\/cornislandrealty.com\\\/es\\\/servicios\\\/#breadcrumb\"},\"inLanguage\":\"es\",\"potentialAction\":[{\"@type\":\"ReadAction\",\"target\":[\"https:\\\/\\\/cornislandrealty.com\\\/es\\\/servicios\\\/\"]}]},{\"@type\":\"ImageObject\",\"inLanguage\":\"es\",\"@id\":\"https:\\\/\\\/cornislandrealty.com\\\/es\\\/servicios\\\/#primaryimage\",\"url\":\"https:\\\/\\\/cornislandrealty.com\\\/wp-content\\\/uploads\\\/2025\\\/12\\\/Horseback-Riding-Product-Image.jpg\",\"contentUrl\":\"https:\\\/\\\/cornislandrealty.com\\\/wp-content\\\/uploads\\\/2025\\\/12\\\/Horseback-Riding-Product-Image.jpg\"},{\"@type\":\"BreadcrumbList\",\"@id\":\"https:\\\/\\\/cornislandrealty.com\\\/es\\\/servicios\\\/#breadcrumb\",\"itemListElement\":[{\"@type\":\"ListItem\",\"position\":1,\"name\":\"Home\",\"item\":\"https:\\\/\\\/cornislandrealty.com\\\/es\\\/\"},{\"@type\":\"ListItem\",\"position\":2,\"name\":\"Servicios\"}]},{\"@type\":\"WebSite\",\"@id\":\"https:\\\/\\\/cornislandrealty.com\\\/es\\\/#website\",\"url\":\"https:\\\/\\\/cornislandrealty.com\\\/es\\\/\",\"name\":\"Corn Island Realty\",\"description\":\"\",\"publisher\":{\"@id\":\"https:\\\/\\\/cornislandrealty.com\\\/es\\\/#organization\"},\"potentialAction\":[{\"@type\":\"SearchAction\",\"target\":{\"@type\":\"EntryPoint\",\"urlTemplate\":\"https:\\\/\\\/cornislandrealty.com\\\/es\\\/?s={search_term_string}\"},\"query-input\":{\"@type\":\"PropertyValueSpecification\",\"valueRequired\":true,\"valueName\":\"search_term_string\"}}],\"inLanguage\":\"es\"},{\"@type\":\"Organization\",\"@id\":\"https:\\\/\\\/cornislandrealty.com\\\/es\\\/#organization\",\"name\":\"Corn Island Realty\",\"url\":\"https:\\\/\\\/cornislandrealty.com\\\/es\\\/\",\"logo\":{\"@type\":\"ImageObject\",\"inLanguage\":\"es\",\"@id\":\"https:\\\/\\\/cornislandrealty.com\\\/es\\\/#\\\/schema\\\/logo\\\/image\\\/\",\"url\":\"https:\\\/\\\/cornislandrealty.com\\\/wp-content\\\/uploads\\\/2025\\\/11\\\/NEW-LOGO.png\",\"contentUrl\":\"https:\\\/\\\/cornislandrealty.com\\\/wp-content\\\/uploads\\\/2025\\\/11\\\/NEW-LOGO.png\",\"width\":1590,\"height\":384,\"caption\":\"Corn Island Realty\"},\"image\":{\"@id\":\"https:\\\/\\\/cornislandrealty.com\\\/es\\\/#\\\/schema\\\/logo\\\/image\\\/\"}}]}<\/script>\n<!-- \/ Yoast SEO Premium plugin. -->","yoast_head_json":{"title":"Servicios | Corn Island Realty","description":"Servicios","robots":{"index":"noindex","follow":"follow","max-snippet":"max-snippet:-1","max-image-preview":"max-image-preview:large","max-video-preview":"max-video-preview:-1"},"og_locale":"es_ES","og_type":"article","og_title":"Servicios","og_description":"Servicios","og_url":"https:\/\/cornislandrealty.com\/es\/servicios\/","og_site_name":"Corn Island Realty","article_modified_time":"2025-12-11T16:26:53+00:00","og_image":[{"url":"https:\/\/cornislandrealty.com\/wp-content\/uploads\/2025\/12\/Horseback-Riding-Product-Image.jpg","type":"","width":"","height":""}],"twitter_card":"summary_large_image","schema":{"@context":"https:\/\/schema.org","@graph":[{"@type":"WebPage","@id":"https:\/\/cornislandrealty.com\/es\/servicios\/","url":"https:\/\/cornislandrealty.com\/es\/servicios\/","name":"Servicios | Corn Island Realty","isPartOf":{"@id":"https:\/\/cornislandrealty.com\/es\/#website"},"primaryImageOfPage":{"@id":"https:\/\/cornislandrealty.com\/es\/servicios\/#primaryimage"},"image":{"@id":"https:\/\/cornislandrealty.com\/es\/servicios\/#primaryimage"},"thumbnailUrl":"https:\/\/cornislandrealty.com\/wp-content\/uploads\/2025\/12\/Horseback-Riding-Product-Image.jpg","datePublished":"2025-11-29T01:24:37+00:00","dateModified":"2025-12-11T16:26:53+00:00","description":"Servicios","breadcrumb":{"@id":"https:\/\/cornislandrealty.com\/es\/servicios\/#breadcrumb"},"inLanguage":"es","potentialAction":[{"@type":"ReadAction","target":["https:\/\/cornislandrealty.com\/es\/servicios\/"]}]},{"@type":"ImageObject","inLanguage":"es","@id":"https:\/\/cornislandrealty.com\/es\/servicios\/#primaryimage","url":"https:\/\/cornislandrealty.com\/wp-content\/uploads\/2025\/12\/Horseback-Riding-Product-Image.jpg","contentUrl":"https:\/\/cornislandrealty.com\/wp-content\/uploads\/2025\/12\/Horseback-Riding-Product-Image.jpg"},{"@type":"BreadcrumbList","@id":"https:\/\/cornislandrealty.com\/es\/servicios\/#breadcrumb","itemListElement":[{"@type":"ListItem","position":1,"name":"Home","item":"https:\/\/cornislandrealty.com\/es\/"},{"@type":"ListItem","position":2,"name":"Servicios"}]},{"@type":"WebSite","@id":"https:\/\/cornislandrealty.com\/es\/#website","url":"https:\/\/cornislandrealty.com\/es\/","name":"Corn Island Realty","description":"","publisher":{"@id":"https:\/\/cornislandrealty.com\/es\/#organization"},"potentialAction":[{"@type":"SearchAction","target":{"@type":"EntryPoint","urlTemplate":"https:\/\/cornislandrealty.com\/es\/?s={search_term_string}"},"query-input":{"@type":"PropertyValueSpecification","valueRequired":true,"valueName":"search_term_string"}}],"inLanguage":"es"},{"@type":"Organization","@id":"https:\/\/cornislandrealty.com\/es\/#organization","name":"Corn Island Realty","url":"https:\/\/cornislandrealty.com\/es\/","logo":{"@type":"ImageObject","inLanguage":"es","@id":"https:\/\/cornislandrealty.com\/es\/#\/schema\/logo\/image\/","url":"https:\/\/cornislandrealty.com\/wp-content\/uploads\/2025\/11\/NEW-LOGO.png","contentUrl":"https:\/\/cornislandrealty.com\/wp-content\/uploads\/2025\/11\/NEW-LOGO.png","width":1590,"height":384,"caption":"Corn Island Realty"},"image":{"@id":"https:\/\/cornislandrealty.com\/es\/#\/schema\/logo\/image\/"}}]}},"featured_image_src":null,"featured_image_src_square":null,"ticketed":false,"_links":{"self":[{"href":"https:\/\/cornislandrealty.com\/es\/wp-json\/wp\/v2\/pages\/2151","targetHints":{"allow":["GET"]}}],"collection":[{"href":"https:\/\/cornislandrealty.com\/es\/wp-json\/wp\/v2\/pages"}],"about":[{"href":"https:\/\/cornislandrealty.com\/es\/wp-json\/wp\/v2\/types\/page"}],"author":[{"embeddable":true,"href":"https:\/\/cornislandrealty.com\/es\/wp-json\/wp\/v2\/users\/1"}],"replies":[{"embeddable":true,"href":"https:\/\/cornislandrealty.com\/es\/wp-json\/wp\/v2\/comments?post=2151"}],"version-history":[{"count":0,"href":"https:\/\/cornislandrealty.com\/es\/wp-json\/wp\/v2\/pages\/2151\/revisions"}],"wp:attachment":[{"href":"https:\/\/cornislandrealty.com\/es\/wp-json\/wp\/v2\/media?parent=2151"}],"curies":[{"name":"wp","href":"https:\/\/api.w.org\/{rel}","templated":true}]}}