{"id":2431,"date":"2025-11-30T00:23:01","date_gmt":"2025-11-30T00:23:01","guid":{"rendered":"https:\/\/cornislandrealty.com\/product\/servicios-de-aprovisionamiento\/"},"modified":"2025-11-30T00:23:01","modified_gmt":"2025-11-30T06:23:01","slug":"servicios-de-aprovisionamiento","status":"publish","type":"product","link":"https:\/\/cornislandrealty.com\/es\/producto\/servicios-de-aprovisionamiento\/","title":{"rendered":"Servicios de aprovisionamiento"},"content":{"rendered":"<p>Los servicios de aprovisionamiento de Corn Island Realty abastecen tu alquiler vacacional o Airbnb en Little Corn o Big Corn Island con comida y bebida fresca a tu llegada.<\/p>\n<h2>\u00bfPor qu\u00e9 elegir nuestros servicios de aprovisionamiento?<\/h2>\n<p>Los servicios de aprovisionamiento hacen que tu estancia sea c\u00f3moda desde el principio. Nuestro equipo selecciona alimentos de calidad r\u00e1pidamente. Incluyen frutas tropicales a diario. Las verduras son frescas de los mercados. Adem\u00e1s, a\u00f1adimos aperitivos locales f\u00e1cilmente. Las bebidas var\u00edan desde zumos hasta cervezas. Como resultado, desempacas y te relajas r\u00e1pidamente. Los viajeros evitan los viajes de compras inicialmente. Por lo tanto, las vacaciones comienzan sin problemas. Adem\u00e1s, utilizamos fuentes sostenibles. Esto apoya bien a las comunidades isle\u00f1as. A los hu\u00e9spedes les encantan las cocinas listas siempre. En consecuencia, tu experiencia se siente acogedora.            <\/p>\n<h3>Promocionando tu experiencia en la isla<\/h3>\n<p>Puedes comer en un establecimiento diferente durante m\u00e1s de un mes en Corn Islands, sin embargo, ocasionalmente es tentador acurrucarse en tu lujosa villa y cenar dentro. Cuando te apetezca holgazanear junto a la piscina todo el d\u00eda o dormir hasta tarde, podemos tener tu villa abastecida, tus bebidas con hielo y tu cena en el horno incluso antes de que llegues. Nuestro objetivo es proporcionar una bienvenida sin estr\u00e9s, as\u00ed que d\u00e9janos hacer el trabajo pesado mientras te relajas.  <\/p>\n<p>Aqu\u00ed tienes algunas ideas para la lista de provisiones definitiva para mantenerlo simple (ten en cuenta que la mayor\u00eda de los condimentos ya est\u00e1n en tu nevera). Esta lista est\u00e1 dise\u00f1ada para cubrir lo b\u00e1sico y facilitarle las cosas al cocinero. Ten en cuenta que algunos art\u00edculos son de temporada y\/o pueden no estar en stock.  <\/p>\n<p><strong>Desayuno<\/strong><br \/>\nCaf\u00e9, t\u00e9, zumo<br \/>\nHuevos, beicon, salchicha<br \/>\nCereales y leche<br \/>\nBolsas y queso crema<\/p>\n<p><strong>Almuerzo<\/strong><br \/>\nFiambre, queso, pan<br \/>\nPatatas fritas<br \/>\nVerduras y salsa<\/p>\n<p><strong>Aperitivos<\/strong><br \/>\nFruta<br \/>\nBarritas de prote\u00ednas<br \/>\nPatatas fritas y salsa<br \/>\nQueso y galletas<br \/>\nYogur<br \/>\nNueces<\/p>\n<p><strong>Cena<\/strong><br \/>\nPizza congelada<br \/>\nHamburguesas, perritos calientes y panecillos<br \/>\nPollo frito<\/p>\n<p><strong>Otros<\/strong><br \/>\nRefresco<br \/>\nCerveza<br \/>\nVino<br \/>\nLicor y mezclador<br \/>\nAgua embotellada<br \/>\nHielo<br \/>\nComida para beb\u00e9s<br \/>\nComida local<\/p>\n<p><strong>Ocasiones especiales<\/strong><br \/>\nPostre<br \/>\nChamp\u00e1n<br \/>\nFlores frescas<\/p>\n","protected":false},"excerpt":{"rendered":"<p>Los servicios de aprovisionamiento de Corn Island Realty abastecen tu alquiler vacacional o Airbnb en Little Corn o Big Corn Island con comida y bebida&hellip;<\/p>\n","protected":false},"featured_media":1730,"comment_status":"open","ping_status":"closed","template":"","meta":{"_angie_page":false,"_monsterinsights_skip_tracking":false,"_monsterinsights_sitenote_active":false,"_monsterinsights_sitenote_note":"","_monsterinsights_sitenote_category":0,"_price":"","_stock":"","_tribe_ticket_header":"","_tribe_default_ticket_provider":"","_tribe_ticket_capacity":"","_ticket_start_date":"","_ticket_end_date":"","_tribe_ticket_show_description":"","_tribe_ticket_show_not_going":false,"_tribe_ticket_use_global_stock":"","_tribe_ticket_global_stock_level":"","_global_stock_mode":"","_global_stock_cap":"","_tribe_rsvp_for_event":"","_tribe_ticket_going_count":"","_tribe_ticket_not_going_count":"","_tribe_tickets_list":"[]","_tribe_ticket_has_attendee_info_fields":false},"product_brand":[],"product_cat":[272],"product_tag":[],"mwb_booking_cost":[],"mwb_booking_service":[],"class_list":{"0":"post-2431","1":"product","2":"type-product","3":"status-publish","4":"has-post-thumbnail","6":"product_cat-suministro","8":"first","9":"instock","10":"taxable","11":"shipping-taxable","12":"product-type-simple"},"yoast_head":"<!-- This site is optimized with the Yoast SEO Premium plugin v27.3 (Yoast SEO v27.3) - https:\/\/yoast.com\/product\/yoast-seo-premium-wordpress\/ -->\n<title>Servicios de aprovisionamiento | Corn Island Realty<\/title>\n<meta name=\"description\" content=\"Los servicios de aprovisionamiento de Corn Island Realty abastecen tu alquiler vacacional o Airbnb en Little o Big Corn Island con comida y bebida fresca a tu llegada.\" \/>\n<meta name=\"robots\" content=\"noindex, follow, max-snippet:-1, max-image-preview:large, max-video-preview:-1\" \/>\n<meta property=\"og:locale\" content=\"es_ES\" \/>\n<meta property=\"og:type\" content=\"article\" \/>\n<meta property=\"og:title\" content=\"Servicios de aprovisionamiento\" \/>\n<meta property=\"og:description\" content=\"Los servicios de aprovisionamiento de Corn Island Realty abastecen tu alquiler vacacional o Airbnb en Little o Big Corn Island con comida y bebida fresca a tu llegada.\" \/>\n<meta property=\"og:url\" content=\"https:\/\/cornislandrealty.com\/es\/producto\/servicios-de-aprovisionamiento\/\" \/>\n<meta property=\"og:site_name\" content=\"Corn Island Realty\" \/>\n<meta property=\"article:modified_time\" content=\"2025-11-30T06:23:01+00:00\" \/>\n<meta property=\"og:image\" content=\"https:\/\/cornislandrealty.com\/wp-content\/uploads\/2025\/11\/Provisioning-640-X-640.webp\" \/>\n\t<meta property=\"og:image:width\" content=\"640\" \/>\n\t<meta property=\"og:image:height\" content=\"640\" \/>\n\t<meta property=\"og:image:type\" content=\"image\/webp\" \/>\n<meta name=\"twitter:card\" content=\"summary_large_image\" \/>\n<meta name=\"twitter:label1\" content=\"Tiempo de lectura\" \/>\n\t<meta name=\"twitter:data1\" content=\"2 minutos\" \/>\n<script type=\"application\/ld+json\" class=\"yoast-schema-graph\">{\"@context\":\"https:\\\/\\\/schema.org\",\"@graph\":[{\"@type\":\"WebPage\",\"@id\":\"https:\\\/\\\/cornislandrealty.com\\\/es\\\/producto\\\/servicios-de-aprovisionamiento\\\/\",\"url\":\"https:\\\/\\\/cornislandrealty.com\\\/es\\\/producto\\\/servicios-de-aprovisionamiento\\\/\",\"name\":\"Servicios de aprovisionamiento | Corn Island Realty\",\"isPartOf\":{\"@id\":\"https:\\\/\\\/cornislandrealty.com\\\/es\\\/#website\"},\"primaryImageOfPage\":{\"@id\":\"https:\\\/\\\/cornislandrealty.com\\\/es\\\/producto\\\/servicios-de-aprovisionamiento\\\/#primaryimage\"},\"image\":{\"@id\":\"https:\\\/\\\/cornislandrealty.com\\\/es\\\/producto\\\/servicios-de-aprovisionamiento\\\/#primaryimage\"},\"thumbnailUrl\":\"https:\\\/\\\/cornislandrealty.com\\\/wp-content\\\/uploads\\\/2025\\\/11\\\/Provisioning-640-X-640.webp\",\"datePublished\":\"2025-11-30T00:23:01+00:00\",\"dateModified\":\"2025-11-30T06:23:01+00:00\",\"description\":\"Los servicios de aprovisionamiento de Corn Island Realty abastecen tu alquiler vacacional o Airbnb en Little o Big Corn Island con comida y bebida fresca a tu llegada.\",\"breadcrumb\":{\"@id\":\"https:\\\/\\\/cornislandrealty.com\\\/es\\\/producto\\\/servicios-de-aprovisionamiento\\\/#breadcrumb\"},\"inLanguage\":\"es\",\"potentialAction\":[{\"@type\":\"ReadAction\",\"target\":[\"https:\\\/\\\/cornislandrealty.com\\\/es\\\/producto\\\/servicios-de-aprovisionamiento\\\/\"]}]},{\"@type\":\"ImageObject\",\"inLanguage\":\"es\",\"@id\":\"https:\\\/\\\/cornislandrealty.com\\\/es\\\/producto\\\/servicios-de-aprovisionamiento\\\/#primaryimage\",\"url\":\"https:\\\/\\\/cornislandrealty.com\\\/wp-content\\\/uploads\\\/2025\\\/11\\\/Provisioning-640-X-640.webp\",\"contentUrl\":\"https:\\\/\\\/cornislandrealty.com\\\/wp-content\\\/uploads\\\/2025\\\/11\\\/Provisioning-640-X-640.webp\",\"width\":640,\"height\":640,\"caption\":\"Provisioning Service\"},{\"@type\":\"BreadcrumbList\",\"@id\":\"https:\\\/\\\/cornislandrealty.com\\\/es\\\/producto\\\/servicios-de-aprovisionamiento\\\/#breadcrumb\",\"itemListElement\":[{\"@type\":\"ListItem\",\"position\":1,\"name\":\"Home\",\"item\":\"https:\\\/\\\/cornislandrealty.com\\\/es\\\/\"},{\"@type\":\"ListItem\",\"position\":2,\"name\":\"Tienda\",\"item\":\"https:\\\/\\\/cornislandrealty.com\\\/store\\\/\"},{\"@type\":\"ListItem\",\"position\":3,\"name\":\"Servicios de aprovisionamiento\"}]},{\"@type\":\"WebSite\",\"@id\":\"https:\\\/\\\/cornislandrealty.com\\\/es\\\/#website\",\"url\":\"https:\\\/\\\/cornislandrealty.com\\\/es\\\/\",\"name\":\"Corn Island Realty\",\"description\":\"\",\"publisher\":{\"@id\":\"https:\\\/\\\/cornislandrealty.com\\\/es\\\/#organization\"},\"potentialAction\":[{\"@type\":\"SearchAction\",\"target\":{\"@type\":\"EntryPoint\",\"urlTemplate\":\"https:\\\/\\\/cornislandrealty.com\\\/es\\\/?s={search_term_string}\"},\"query-input\":{\"@type\":\"PropertyValueSpecification\",\"valueRequired\":true,\"valueName\":\"search_term_string\"}}],\"inLanguage\":\"es\"},{\"@type\":\"Organization\",\"@id\":\"https:\\\/\\\/cornislandrealty.com\\\/es\\\/#organization\",\"name\":\"Corn Island Realty\",\"url\":\"https:\\\/\\\/cornislandrealty.com\\\/es\\\/\",\"logo\":{\"@type\":\"ImageObject\",\"inLanguage\":\"es\",\"@id\":\"https:\\\/\\\/cornislandrealty.com\\\/es\\\/#\\\/schema\\\/logo\\\/image\\\/\",\"url\":\"https:\\\/\\\/cornislandrealty.com\\\/wp-content\\\/uploads\\\/2025\\\/11\\\/NEW-LOGO.png\",\"contentUrl\":\"https:\\\/\\\/cornislandrealty.com\\\/wp-content\\\/uploads\\\/2025\\\/11\\\/NEW-LOGO.png\",\"width\":1590,\"height\":384,\"caption\":\"Corn Island Realty\"},\"image\":{\"@id\":\"https:\\\/\\\/cornislandrealty.com\\\/es\\\/#\\\/schema\\\/logo\\\/image\\\/\"}}]}<\/script>\n<!-- \/ Yoast SEO Premium plugin. -->","yoast_head_json":{"title":"Servicios de aprovisionamiento | Corn Island Realty","description":"Los servicios de aprovisionamiento de Corn Island Realty abastecen tu alquiler vacacional o Airbnb en Little o Big Corn Island con comida y bebida fresca a tu llegada.","robots":{"index":"noindex","follow":"follow","max-snippet":"max-snippet:-1","max-image-preview":"max-image-preview:large","max-video-preview":"max-video-preview:-1"},"og_locale":"es_ES","og_type":"article","og_title":"Servicios de aprovisionamiento","og_description":"Los servicios de aprovisionamiento de Corn Island Realty abastecen tu alquiler vacacional o Airbnb en Little o Big Corn Island con comida y bebida fresca a tu llegada.","og_url":"https:\/\/cornislandrealty.com\/es\/producto\/servicios-de-aprovisionamiento\/","og_site_name":"Corn Island Realty","article_modified_time":"2025-11-30T06:23:01+00:00","og_image":[{"width":640,"height":640,"url":"https:\/\/cornislandrealty.com\/wp-content\/uploads\/2025\/11\/Provisioning-640-X-640.webp","type":"image\/webp"}],"twitter_card":"summary_large_image","twitter_misc":{"Tiempo de lectura":"2 minutos"},"schema":{"@context":"https:\/\/schema.org","@graph":[{"@type":"WebPage","@id":"https:\/\/cornislandrealty.com\/es\/producto\/servicios-de-aprovisionamiento\/","url":"https:\/\/cornislandrealty.com\/es\/producto\/servicios-de-aprovisionamiento\/","name":"Servicios de aprovisionamiento | Corn Island Realty","isPartOf":{"@id":"https:\/\/cornislandrealty.com\/es\/#website"},"primaryImageOfPage":{"@id":"https:\/\/cornislandrealty.com\/es\/producto\/servicios-de-aprovisionamiento\/#primaryimage"},"image":{"@id":"https:\/\/cornislandrealty.com\/es\/producto\/servicios-de-aprovisionamiento\/#primaryimage"},"thumbnailUrl":"https:\/\/cornislandrealty.com\/wp-content\/uploads\/2025\/11\/Provisioning-640-X-640.webp","datePublished":"2025-11-30T00:23:01+00:00","dateModified":"2025-11-30T06:23:01+00:00","description":"Los servicios de aprovisionamiento de Corn Island Realty abastecen tu alquiler vacacional o Airbnb en Little o Big Corn Island con comida y bebida fresca a tu llegada.","breadcrumb":{"@id":"https:\/\/cornislandrealty.com\/es\/producto\/servicios-de-aprovisionamiento\/#breadcrumb"},"inLanguage":"es","potentialAction":[{"@type":"ReadAction","target":["https:\/\/cornislandrealty.com\/es\/producto\/servicios-de-aprovisionamiento\/"]}]},{"@type":"ImageObject","inLanguage":"es","@id":"https:\/\/cornislandrealty.com\/es\/producto\/servicios-de-aprovisionamiento\/#primaryimage","url":"https:\/\/cornislandrealty.com\/wp-content\/uploads\/2025\/11\/Provisioning-640-X-640.webp","contentUrl":"https:\/\/cornislandrealty.com\/wp-content\/uploads\/2025\/11\/Provisioning-640-X-640.webp","width":640,"height":640,"caption":"Provisioning Service"},{"@type":"BreadcrumbList","@id":"https:\/\/cornislandrealty.com\/es\/producto\/servicios-de-aprovisionamiento\/#breadcrumb","itemListElement":[{"@type":"ListItem","position":1,"name":"Home","item":"https:\/\/cornislandrealty.com\/es\/"},{"@type":"ListItem","position":2,"name":"Tienda","item":"https:\/\/cornislandrealty.com\/store\/"},{"@type":"ListItem","position":3,"name":"Servicios de aprovisionamiento"}]},{"@type":"WebSite","@id":"https:\/\/cornislandrealty.com\/es\/#website","url":"https:\/\/cornislandrealty.com\/es\/","name":"Corn Island Realty","description":"","publisher":{"@id":"https:\/\/cornislandrealty.com\/es\/#organization"},"potentialAction":[{"@type":"SearchAction","target":{"@type":"EntryPoint","urlTemplate":"https:\/\/cornislandrealty.com\/es\/?s={search_term_string}"},"query-input":{"@type":"PropertyValueSpecification","valueRequired":true,"valueName":"search_term_string"}}],"inLanguage":"es"},{"@type":"Organization","@id":"https:\/\/cornislandrealty.com\/es\/#organization","name":"Corn Island Realty","url":"https:\/\/cornislandrealty.com\/es\/","logo":{"@type":"ImageObject","inLanguage":"es","@id":"https:\/\/cornislandrealty.com\/es\/#\/schema\/logo\/image\/","url":"https:\/\/cornislandrealty.com\/wp-content\/uploads\/2025\/11\/NEW-LOGO.png","contentUrl":"https:\/\/cornislandrealty.com\/wp-content\/uploads\/2025\/11\/NEW-LOGO.png","width":1590,"height":384,"caption":"Corn Island Realty"},"image":{"@id":"https:\/\/cornislandrealty.com\/es\/#\/schema\/logo\/image\/"}}]}},"_links":{"self":[{"href":"https:\/\/cornislandrealty.com\/es\/wp-json\/wp\/v2\/product\/2431","targetHints":{"allow":["GET"]}}],"collection":[{"href":"https:\/\/cornislandrealty.com\/es\/wp-json\/wp\/v2\/product"}],"about":[{"href":"https:\/\/cornislandrealty.com\/es\/wp-json\/wp\/v2\/types\/product"}],"replies":[{"embeddable":true,"href":"https:\/\/cornislandrealty.com\/es\/wp-json\/wp\/v2\/comments?post=2431"}],"wp:featuredmedia":[{"embeddable":true,"href":"https:\/\/cornislandrealty.com\/es\/wp-json\/wp\/v2\/media\/1730"}],"wp:attachment":[{"href":"https:\/\/cornislandrealty.com\/es\/wp-json\/wp\/v2\/media?parent=2431"}],"wp:term":[{"taxonomy":"product_brand","embeddable":true,"href":"https:\/\/cornislandrealty.com\/es\/wp-json\/wp\/v2\/product_brand?post=2431"},{"taxonomy":"product_cat","embeddable":true,"href":"https:\/\/cornislandrealty.com\/es\/wp-json\/wp\/v2\/product_cat?post=2431"},{"taxonomy":"product_tag","embeddable":true,"href":"https:\/\/cornislandrealty.com\/es\/wp-json\/wp\/v2\/product_tag?post=2431"},{"taxonomy":"mwb_booking_cost","embeddable":true,"href":"https:\/\/cornislandrealty.com\/es\/wp-json\/wp\/v2\/mwb_booking_cost?post=2431"},{"taxonomy":"mwb_booking_service","embeddable":true,"href":"https:\/\/cornislandrealty.com\/es\/wp-json\/wp\/v2\/mwb_booking_service?post=2431"}],"curies":[{"name":"wp","href":"https:\/\/api.w.org\/{rel}","templated":true}]}}